{"id":30,"date":"2018-05-21T18:32:32","date_gmt":"2018-05-21T18:32:32","guid":{"rendered":"http:\/\/arge-russland.de\/?page_id=30"},"modified":"2026-04-22T05:36:42","modified_gmt":"2026-04-22T05:36:42","slug":"vorstellung","status":"publish","type":"page","link":"https:\/\/arge-russland.de\/?page_id=30","title":{"rendered":"Vorstellung"},"content":{"rendered":"<h3>Die Arbeitsgemeinschaft Russland\/UdSSR e. V.<br \/>\nstellt sich vor<\/h3>\n<p>Seit nunmehr \u00fcber 53 Jahren gibt die Arbeitsgemeinschaft den interessierten Sammlern russischer und sowjetischer Briefmarken und Ganzsachen ein philatelistisches Zuhause. Sammler aus Deutschland, aus vielen europ\u00e4ischen L\u00e4ndern, ja sogar aus Japan und den USA bilden unsere Arbeitsgemeinschaft. Marken und Briefe dieses riesigen Landes mit seiner wechselvollen Geschichte, beginnend 1858 mit den ersten Ausgaben im Kaiserreich, \u00fcber die Russische Sozialistische F\u00f6derative Sowjet-Republik (RSFSR), von 1918 bis 1922 bis hin zur Sowjetunion, \u00fcben eine hohe Faszination auf viele Sammler aus. Heute sind dies nat\u00fcrlich die Emissionen der Republik Russland (Russische F\u00f6deration).<br \/>\nIm Jahr 2005 hat sich der Ukraine-Philatelisten-Verband U.P.V. aufgel\u00f6st, unsere Arbeitsgemeinschaft hat sich bereit erkl\u00e4rt, den Ukraine-Sammlern eine neue Heimat zu bieten. Etliche Sammler haben dieses Angebot angenommen und stellen mit dem Gebiet Ukraine nun bei uns eine nicht zu \u00fcbersehende Sammlergruppe. 2015 haben sich die Wei\u00dfrusslandsammler (vormals Arge\u00a0<span class=\"il\">Belarus<\/span>) als &#8222;Arbeitskreis Wei\u00dfrussland&#8220; unserer ArGe angeschlossen. Damit stehen nun auch f\u00fcr dieses interessante Sammelgebiet Ansprechpartner in der ArGe zur Verf\u00fcgung.<\/p>\n<p>Die ungeheueren Entfernungen und Weiten dieses riesigen Landes und die Vielfalt der Sprachen, Schriften und der unterschiedlichsten Kulturen seiner Einwohner f\u00fchrte in all den Jahren nat\u00fcrlich auch zur Vielfalt und Breite der ausgegebenen Briefmarken. Der Sammler muss schon tief in die Landesgeschichte eindringen, um die Postgeschichte dieses Landes auch nur in Ans\u00e4tzen zu verstehen.<\/p>\n<p>Hierbei hilft nat\u00fcrlich eine Mitgliedschaft in unserer Arbeitsgemeinschaft und die vielseitigen Erfahrungen und Kontakte unserer Sammlerfreunde zu Freunden in Russland und der ganzen Welt und nicht zuletzt innerhalb unserer Gemeinschaft.<\/p>\n<p>Unsere Mitglieder erhalten j\u00e4hrlich zwei Ausgaben unserer Fachzeitschrift &#8222;Deutsche Zeitschrift f\u00fcr Russland-Philatelie&#8220; (DZRP) und alle zwei Jahre ein Mitteilungsheft zu Interna des Vereins.<\/p>\n<p>Zus\u00e4tzlich legt die ArGe &#8222;Forschungsberichte&#8220; zu ganz besonderen Themen auf. \u00dcberregional findet j\u00e4hrlich die Mitgliederversammlung in Hosenfeld bei Fulda statt. Zus\u00e4tzlich gibt es regionale Treffen in verschiedenen Bundesl\u00e4ndern.<\/p>\n<p>Einige erfahrene Spezialisten arbeiten, jeweils als Team, an den aktuellen MICHEL-Katalogen mit. Dies sowohl bei der Ausgabe f\u00fcr Marken als auch f\u00fcr Ganzsachen. Erschienen sind, inzwischen bereits in dritter Auflage, die beiden L\u00e4nderkataloge &#8222;Russland Spezial&#8220; und &#8222;Sowjetunion Spezial&#8220; und mit sehr ausf\u00fchrlichen Russland\/UdSSR-Teil der &#8222;Ganzsachen-Katalog Europa Ost&#8220;.<\/p>\n<p>Sprechen Sie uns an, wir freuen uns \u00fcber jeden interessierten Sammler, der die grafisch und thematisch sehr gelungenen Briefmarken und Belege aus Russland sammelt und mehr wissen m\u00f6chte.<\/p>\n","protected":false},"excerpt":{"rendered":"<p>Die Arbeitsgemeinschaft Russland\/UdSSR e. V. stellt sich vor Seit nunmehr \u00fcber 53 Jahren gibt die Arbeitsgemeinschaft den interessierten Sammlern russischer und sowjetischer Briefmarken und Ganzsachen ein philatelistisches Zuhause. Sammler aus Deutschland, aus vielen europ\u00e4ischen L\u00e4ndern, ja sogar aus Japan und den USA bilden unsere Arbeitsgemeinschaft. Marken und Briefe dieses riesigen Landes mit seiner wechselvollen Geschichte, &hellip; <a href=\"https:\/\/arge-russland.de\/?page_id=30\" class=\"more-link\"><span class=\"screen-reader-text\">Vorstellung<\/span> weiterlesen<\/a><\/p>\n","protected":false},"author":1,"featured_media":0,"parent":0,"menu_order":0,"comment_status":"closed","ping_status":"closed","template":"","meta":{"footnotes":""},"class_list":["post-30","page","type-page","status-publish","hentry"],"_links":{"self":[{"href":"https:\/\/arge-russland.de\/index.php?rest_route=\/wp\/v2\/pages\/30","targetHints":{"allow":["GET"]}}],"collection":[{"href":"https:\/\/arge-russland.de\/index.php?rest_route=\/wp\/v2\/pages"}],"about":[{"href":"https:\/\/arge-russland.de\/index.php?rest_route=\/wp\/v2\/types\/page"}],"author":[{"embeddable":true,"href":"https:\/\/arge-russland.de\/index.php?rest_route=\/wp\/v2\/users\/1"}],"replies":[{"embeddable":true,"href":"https:\/\/arge-russland.de\/index.php?rest_route=%2Fwp%2Fv2%2Fcomments&post=30"}],"version-history":[{"count":3,"href":"https:\/\/arge-russland.de\/index.php?rest_route=\/wp\/v2\/pages\/30\/revisions"}],"predecessor-version":[{"id":384,"href":"https:\/\/arge-russland.de\/index.php?rest_route=\/wp\/v2\/pages\/30\/revisions\/384"}],"wp:attachment":[{"href":"https:\/\/arge-russland.de\/index.php?rest_route=%2Fwp%2Fv2%2Fmedia&parent=30"}],"curies":[{"name":"wp","href":"https:\/\/api.w.org\/{rel}","templated":true}]}}