{"id":28,"date":"2018-05-21T18:28:18","date_gmt":"2018-05-21T18:28:18","guid":{"rendered":"http:\/\/arge-russland.de\/?page_id=28"},"modified":"2026-04-22T07:07:10","modified_gmt":"2026-04-22T07:07:10","slug":"termine","status":"publish","type":"page","link":"https:\/\/arge-russland.de\/?page_id=28","title":{"rendered":"Termine"},"content":{"rendered":"\n<h2 class=\"wp-block-heading\" style=\"font-size:32px\"><strong>2026<\/strong><\/h2>\n\n\n\n<p><strong>Mitgliederversammlung und<\/strong> <strong>Tauschtreffen<\/strong><\/p>\n\n\n\n<p>17. &#8211; 19. April 2026, Mitgliederversammlung am 18. April ab 11:00 Uhr im Gasthof &amp; Hotel \u201eSieberzm\u00fchle\u201c in 36154 Hosenfeld, Sieberzm\u00fchle 1-3.<\/p>\n\n\n\n<p><strong>Bephila 2026<\/strong><\/p>\n\n\n\n<p>17. &#8211; 19. Juli 2026, Bilaterale Briefmarkenausstellung Deutschland-Schweden in der Sparkassen-Arena Bernau am Ladeburger Dreieck, 16321 Bernau bei Berlin, mit Stand Arge Russland\/UdSSR.<\/p>\n\n\n\n<p><strong>Briefmarkenb\u00f6rse Ulm<\/strong><\/p>\n\n\n\n<p>22. &#8211; 24. Oktober 2026, Internationale Briefmarkenb\u00f6rse Ulm, Ulm-Messe &#8211; B\u00f6finger Str. 50, 89073 Ulm mit Messestand Arge Russland\/UdSSR.<\/p>\n\n\n\n<p><strong>Verein der Briefmarkenfreunde Russland\/UdSSR Berlin e.V.<\/strong><\/p>\n\n\n\n<p>Die Treffen finden jeweils Donnerstags von 15.30 bis 17.30 Uhr im Russischen Haus, Friedrichstra\u00dfe 176-179, 10117 Berlin im Lomonossow Saal 611 statt.<\/p>\n\n\n\n<ul class=\"wp-block-list\">\n<li>19. Februar (Mitgliederversammlung &#8211; Verein der Briefmarkenfreunde)<\/li>\n\n\n\n<li>16. April<\/li>\n\n\n\n<li>21. Mai<\/li>\n\n\n\n<li>18. Juni<\/li>\n\n\n\n<li>17. September<\/li>\n\n\n\n<li>15. Oktober<\/li>\n\n\n\n<li>19. November<\/li>\n\n\n\n<li>17. Dezember<\/li>\n<\/ul>\n\n\n\n<h2 class=\"wp-block-heading\">2027<\/h2>\n\n\n\n<p><strong>Tauschtreffen<\/strong><\/p>\n\n\n\n<p>16. &#8211; 18. April 2027, j\u00e4hrliches Tauschtreffen im Gasthof &amp; Hotel \u201eSieberzm\u00fchle\u201c in 36154 Hosenfeld, Sieberzm\u00fchle 1-3.<\/p>\n\n\n\n<h2 class=\"wp-block-heading\">2028<\/h2>\n\n\n\n<p><strong>Briefmarkenb\u00f6rse Ulm<\/strong><\/p>\n\n\n\n<p>26. &#8211; 29. Oktober 2028, IBRA 2028 im Rahmen der j\u00e4hrlichen Briefmarkenb\u00f6rse, Ulm-Messe &#8211; B\u00f6finger Str. 50, 89073 Ulm<\/p>\n","protected":false},"excerpt":{"rendered":"<p>2026 Mitgliederversammlung und Tauschtreffen 17. &#8211; 19. April 2026, Mitgliederversammlung am 18. April ab 11:00 Uhr im Gasthof &amp; Hotel \u201eSieberzm\u00fchle\u201c in 36154 Hosenfeld, Sieberzm\u00fchle 1-3. Bephila 2026 17. &#8211; 19. Juli 2026, Bilaterale Briefmarkenausstellung Deutschland-Schweden in der Sparkassen-Arena Bernau am Ladeburger Dreieck, 16321 Bernau bei Berlin, mit Stand Arge Russland\/UdSSR. Briefmarkenb\u00f6rse Ulm 22. &#8211; &hellip; <a href=\"https:\/\/arge-russland.de\/?page_id=28\" class=\"more-link\"><span class=\"screen-reader-text\">Termine<\/span> weiterlesen<\/a><\/p>\n","protected":false},"author":1,"featured_media":0,"parent":0,"menu_order":0,"comment_status":"closed","ping_status":"closed","template":"","meta":{"footnotes":""},"class_list":["post-28","page","type-page","status-publish","hentry"],"_links":{"self":[{"href":"https:\/\/arge-russland.de\/index.php?rest_route=\/wp\/v2\/pages\/28","targetHints":{"allow":["GET"]}}],"collection":[{"href":"https:\/\/arge-russland.de\/index.php?rest_route=\/wp\/v2\/pages"}],"about":[{"href":"https:\/\/arge-russland.de\/index.php?rest_route=\/wp\/v2\/types\/page"}],"author":[{"embeddable":true,"href":"https:\/\/arge-russland.de\/index.php?rest_route=\/wp\/v2\/users\/1"}],"replies":[{"embeddable":true,"href":"https:\/\/arge-russland.de\/index.php?rest_route=%2Fwp%2Fv2%2Fcomments&post=28"}],"version-history":[{"count":19,"href":"https:\/\/arge-russland.de\/index.php?rest_route=\/wp\/v2\/pages\/28\/revisions"}],"predecessor-version":[{"id":394,"href":"https:\/\/arge-russland.de\/index.php?rest_route=\/wp\/v2\/pages\/28\/revisions\/394"}],"wp:attachment":[{"href":"https:\/\/arge-russland.de\/index.php?rest_route=%2Fwp%2Fv2%2Fmedia&parent=28"}],"curies":[{"name":"wp","href":"https:\/\/api.w.org\/{rel}","templated":true}]}}