{"id":20,"date":"2018-05-21T18:19:33","date_gmt":"2018-05-21T18:19:33","guid":{"rendered":"http:\/\/arge-russland.de\/?page_id=20"},"modified":"2026-04-22T06:20:42","modified_gmt":"2026-04-22T06:20:42","slug":"aktuelles","status":"publish","type":"page","link":"https:\/\/arge-russland.de\/","title":{"rendered":"Aktuelles"},"content":{"rendered":"\n<h3 class=\"wp-block-heading\"><strong>Mitgliederversammlung in Hosenfeld <\/strong><\/h3>\n\n\n\n<p>Am 18.04.2026 fand in Hosenfeld bei Fulda die satzungsgem\u00e4\u00dfe Mitgliederversammlung und Wahlen des Vorstandes nebst Kassenpr\u00fcfer statt. Die angereisten Mitglieder best\u00e4tigten den bisherigen Vorstand, Andreas Bliersbach l\u00f6ste den bisherigen Webmaster und Beisitzer Stefan Berger ab, die langj\u00e4hrigen nicht mehr kandidierenden Kassenpr\u00fcfer Gustav Kerber und Karl Lukas wurden durch Thomas Wiegmann und Andreas Bliersbach abgel\u00f6st.<\/p>\n\n\n\n<p><img loading=\"lazy\" decoding=\"async\" width=\"400\" height=\"300\" class=\"wp-image-388\" style=\"width: 400px;\" src=\"http:\/\/arge-russland.de\/wp-content\/uploads\/2026\/04\/Mitgliederversammlung-18-April-2026-vergroessert-scaled.jpg\" alt=\"\" srcset=\"https:\/\/arge-russland.de\/wp-content\/uploads\/2026\/04\/Mitgliederversammlung-18-April-2026-vergroessert-scaled.jpg 2560w, https:\/\/arge-russland.de\/wp-content\/uploads\/2026\/04\/Mitgliederversammlung-18-April-2026-vergroessert-300x225.jpg 300w, https:\/\/arge-russland.de\/wp-content\/uploads\/2026\/04\/Mitgliederversammlung-18-April-2026-vergroessert-1024x768.jpg 1024w, https:\/\/arge-russland.de\/wp-content\/uploads\/2026\/04\/Mitgliederversammlung-18-April-2026-vergroessert-768x576.jpg 768w, https:\/\/arge-russland.de\/wp-content\/uploads\/2026\/04\/Mitgliederversammlung-18-April-2026-vergroessert-1536x1152.jpg 1536w, https:\/\/arge-russland.de\/wp-content\/uploads\/2026\/04\/Mitgliederversammlung-18-April-2026-vergroessert-2048x1536.jpg 2048w\" sizes=\"auto, (max-width: 400px) 100vw, 400px\" \/><\/p>\n\n\n\n<h3 class=\"wp-block-heading\">Digitale Ausgabe der \u201eDeutschen Zeitschrift f\u00fcr Russland-Philatelie\u201c<\/h3>\n\n\n\n<figure class=\"wp-block-image\"><img loading=\"lazy\" decoding=\"async\" width=\"352\" height=\"498\" src=\"https:\/\/arge-russland.de\/wp-content\/uploads\/2018\/10\/image.png\" alt=\"\" class=\"wp-image-289\" srcset=\"https:\/\/arge-russland.de\/wp-content\/uploads\/2018\/10\/image.png 352w, https:\/\/arge-russland.de\/wp-content\/uploads\/2018\/10\/image-212x300.png 212w\" sizes=\"auto, (max-width: 352px) 100vw, 352px\" \/><\/figure>\n\n\n\n<p>Nach unserer letzten Ver\u00f6ffentlichung der \u201eDeutschen Zeitschrift f\u00fcr Russland-Philatelie\u201c auf DVD vor \u00fcber 7 Jahren freue ich mich, eine um die Hefte bis einschlie\u00dflich Nr. 107 und mit dem Sonderheft \u201ePoststempel aus dem Gebiet der Wolgadeutschen 1862 \u2013 1945\u201c von Michail Lapuschkin erg\u00e4nzte neue Ausgabe fertiggestellt zu haben. Damit sind jetzt ca. 5.985 Seiten als Dateien im Acrobat pdf-Format verf\u00fcgbar, welche vielf\u00e4ltige Informationen zum Sammelgebiet Russland\/UdSSR bieten! Diese enorme Datenmenge hat jetzt auf 2 DVDs Platz gefunden.<\/p>\n\n\n<div class=\"wp-block-image\">\n<figure class=\"alignleft\"><img loading=\"lazy\" decoding=\"async\" width=\"202\" height=\"203\" src=\"https:\/\/arge-russland.de\/wp-content\/uploads\/2018\/10\/image-2.png\" alt=\"\" class=\"wp-image-291\" srcset=\"https:\/\/arge-russland.de\/wp-content\/uploads\/2018\/10\/image-2.png 202w, https:\/\/arge-russland.de\/wp-content\/uploads\/2018\/10\/image-2-150x150.png 150w\" sizes=\"auto, (max-width: 202px) 100vw, 202px\" \/><\/figure>\n<\/div>\n\n\n<figure class=\"wp-block-image\"><img loading=\"lazy\" decoding=\"async\" width=\"194\" height=\"194\" src=\"https:\/\/arge-russland.de\/wp-content\/uploads\/2018\/10\/image-1.png\" alt=\"\" class=\"wp-image-290\" srcset=\"https:\/\/arge-russland.de\/wp-content\/uploads\/2018\/10\/image-1.png 194w, https:\/\/arge-russland.de\/wp-content\/uploads\/2018\/10\/image-1-150x150.png 150w\" sizes=\"auto, (max-width: 194px) 100vw, 194px\" \/><\/figure>\n\n\n\n<p><br>Selbstverst\u00e4ndlich wurde auch das thematisch geordnete Index-Verzeichnis sowie das Gesamt-Inhaltsverzeichnis aller Einzelhefte aktualisiert. Somit lassen sich interessierende Artikel schnell auffinden und bei Bedarf auch ausdrucken. <br>Diese neueste Version der DVDs mit den Heften Nr. 1 \u2013 Nr. 107 (2018) wird zum Preis von 39,00 Euro an Mitglieder unserer ARGE und zum Preis von 65,00 Euro (zzgl. Versandkosten) an Nichtmitglieder abgegeben. Die DVDs sind ab sofort bei unserem Vorsitzenden, Herr J\u00f6rg Bochmann, erh\u00e4ltlich (71546 Aspach, Pappelweg 13, E-Mail: joerg.bochmann@t-online.de).<\/p>\n\n\n\n<h3 class=\"wp-block-heading\">Die neue Homepage der ARGE Russland\/UdSSR<\/h3>\n\n\n\n<p>Die Homepage der ARGE Russland\/UdSSR ist neu erstellt. Nach vielen Jahren in denen kontinuierlich Inhalte erg\u00e4nzt wurden ist eine Komplexit\u00e4t erreicht worden, die mit den bestehenden technischen M\u00f6glichkeiten nicht mehr wartbar ist. Auch die Werkzeuge, mit denen die Webseite bedient wird entsprechen nicht mehr dem, was \u00fcblich ist und durch die unterschiedlichen Endger\u00e4te (Smartphones, Tablets) gefordert wird.<\/p>\n\n\n\n<p>Leider ist eine direkte \u00dcbernahme der alten Webseite nicht m\u00f6glich. Es w\u00fcrde erheblicher manueller Aufwand entstehen.<\/p>\n\n\n\n<p>Ich habe als Start mit den essentiellen Inhalten und Seiten begonnen: Impressum, Vorstand, Selbstbild. Die weiteren Seiten m\u00fcssen nun Schritt f\u00fcr Schritt erg\u00e4nzt (neu erstellt) werden.<\/p>\n\n\n\n<p>Ich suche daher nach ARGE Mitgliedern, die f\u00fcr entsprechende Abschnitte (z.b. die Vorstellung der Bereiche unter der ARGE Vorstellung) Seiten bearbeiten\/erstellen wollen. Wir verwenden WordPress, es kann wie mit stark vereinfachtem Word direkte gearbeitet werden. Es sind keine HTML Kenntnisse erforderlich. Alternative k\u00f6nnen mir auch Texte (Word, Notepad \u2013 gerne unformatiert) und Bilder (ganz wichtig: nur eigene Scans von Material, dass vorliegt und frei von Rechten Dritter ist!) als Dateien zugesandt werden.<\/p>\n\n\n\n<p>Das gilt auch f\u00fcr zus\u00e4tzliche Seiten wie Bibliothek etc. die momentan nicht im Menu sichtbar sind.<\/p>\n\n\n\n<p>Mir ist auch aufgefallen, dass wir kein Logo haben. Vorschl\u00e4ge sind sehr willkommen!<\/p>\n\n\n\n<p>Ich gr\u00fc\u00dfe herzlich<\/p>\n\n\n\n<p>Stefan Berger<\/p>\n","protected":false},"excerpt":{"rendered":"<p>Mitgliederversammlung in Hosenfeld Am 18.04.2026 fand in Hosenfeld bei Fulda die satzungsgem\u00e4\u00dfe Mitgliederversammlung und Wahlen des Vorstandes nebst Kassenpr\u00fcfer statt. Die angereisten Mitglieder best\u00e4tigten den bisherigen Vorstand, Andreas Bliersbach l\u00f6ste den bisherigen Webmaster und Beisitzer Stefan Berger ab, die langj\u00e4hrigen nicht mehr kandidierenden Kassenpr\u00fcfer Gustav Kerber und Karl Lukas wurden durch Thomas Wiegmann und Andreas &hellip; <a href=\"https:\/\/arge-russland.de\/\" class=\"more-link\"><span class=\"screen-reader-text\">Aktuelles<\/span> weiterlesen<\/a><\/p>\n","protected":false},"author":1,"featured_media":0,"parent":0,"menu_order":0,"comment_status":"closed","ping_status":"closed","template":"","meta":{"footnotes":""},"class_list":["post-20","page","type-page","status-publish","hentry"],"_links":{"self":[{"href":"https:\/\/arge-russland.de\/index.php?rest_route=\/wp\/v2\/pages\/20","targetHints":{"allow":["GET"]}}],"collection":[{"href":"https:\/\/arge-russland.de\/index.php?rest_route=\/wp\/v2\/pages"}],"about":[{"href":"https:\/\/arge-russland.de\/index.php?rest_route=\/wp\/v2\/types\/page"}],"author":[{"embeddable":true,"href":"https:\/\/arge-russland.de\/index.php?rest_route=\/wp\/v2\/users\/1"}],"replies":[{"embeddable":true,"href":"https:\/\/arge-russland.de\/index.php?rest_route=%2Fwp%2Fv2%2Fcomments&post=20"}],"version-history":[{"count":27,"href":"https:\/\/arge-russland.de\/index.php?rest_route=\/wp\/v2\/pages\/20\/revisions"}],"predecessor-version":[{"id":391,"href":"https:\/\/arge-russland.de\/index.php?rest_route=\/wp\/v2\/pages\/20\/revisions\/391"}],"wp:attachment":[{"href":"https:\/\/arge-russland.de\/index.php?rest_route=%2Fwp%2Fv2%2Fmedia&parent=20"}],"curies":[{"name":"wp","href":"https:\/\/api.w.org\/{rel}","templated":true}]}}