{"id":14,"date":"2018-05-21T18:09:17","date_gmt":"2018-05-21T18:09:17","guid":{"rendered":"http:\/\/arge-russland.de\/?page_id=14"},"modified":"2018-05-21T18:18:21","modified_gmt":"2018-05-21T18:18:21","slug":"impressum","status":"publish","type":"page","link":"https:\/\/arge-russland.de\/?page_id=14","title":{"rendered":"Impressum"},"content":{"rendered":"<h3>Bundesarbeitsgemeinschaft Russland\/UdSSR im BDPh e.V.<\/h3>\n<p>E-Mail: info@arge-russland.de<br \/>\nInternet: www.arge-russland.de<\/p>\n<h3>Vertretungsberechtiger Vorstand<\/h3>\n<p>J\u00f6rg Bochmann,<br \/>\nPappelweg 13,<br \/>\nD-71546 Aspach,<br \/>\nTelefon: +49 7191 733872<br \/>\nE-Mail: joerg.bochmann@t-online.de<\/p>\n<p>Registergericht: Amtsgericht Wittlich<br \/>\nRegisternummer: VR 10346<br \/>\nInhaltlich Verantwortlicher gem\u00e4\u00df \u00a7 6 MDStV: J\u00f6rg Bochmann<\/p>\n<h3>Betreuung Webseite<\/h3>\n<p>Stefan Berger,<br \/>\nNeunkirchner Str. 3,<br \/>\nD-07749 Jena<br \/>\nTelefon: +49 160 97435693<br \/>\nE-Mail: s.c.berger@gmail.com<\/p>\n<h3>Copyright und Haftung<\/h3>\n<p>Texte, Inhalte sowie Gestaltung dieses Internetauftritts sind urheberrechtlich gesch\u00fctzt. Sie d\u00fcrfen allenfalls in den engen Grenzen des Urheberrechts zum pers\u00f6nlichen, privaten und nicht-kommerziellen Gebrauch genutzt, verbreitet bzw. vervielf\u00e4ltigt werden (z.B. Download). Die sonstige Verwendung, auch auszugsweise, ist ohne schriftliche Zustimmung der ARGE Russland\/UdSSR urheberrechtswidrig und strafbar. Insbesondere ist jegliche Nutzung zu Werbe- oder \u00e4hnlichen Zwecken ausdr\u00fccklich untersagt. Auch bei vorheriger schriftlicher Einwilligung ist au\u00dferdem eine Vervielf\u00e4ltigung oder Verbreitung der Seite oder ihrer Inhalte nur in Verbindung mit Quellenangabe bzw. deutlichen Hinweis auf die ARGE Russland\/UdSSR zul\u00e4ssig. Auch wenn Marken, Logos oder gesch\u00e4ftliche Bezeichnungen etc. verwendet werden, gelten die entsprechenden Schutzbestimmungen.<\/p>\n<p>Die ARGE Russland\/UdSSR e.V. hat diesen Internetauftritt sorgf\u00e4ltig erstellt. Eine Gew\u00e4hrleistung f\u00fcr die Vollst\u00e4ndigkeit, Richtigkeit und Aktualit\u00e4t der hier rechtlich unverbindlich zur Verf\u00fcgung gestellten Informationen kann jedoch nicht \u00fcbernommen werden. Dies gilt insbesondere f\u00fcr Verbindungen (\u201eLinks\u201c), auf die direkt oder indirekt verwiesen wird, da die ARGE Russland\/UdSSR auf den Inhalt einer Seite, die mit einem solchen Link erreicht wird, keinen Einfluss hat.<\/p>\n<p>Die ARGE Russland\/UdSSR e.V. kann daher nicht f\u00fcr Sch\u00e4den haftbar gemacht werden, die im Zusammenhang mit der Verwendung dieser Inhalte stehen, es sei denn, es liegt vors\u00e4tzliches oder grob fahrl\u00e4ssiges Handeln vor. Insbesondere kann nicht f\u00fcr mittelbare Sch\u00e4den oder Folgesch\u00e4den, insbesondere Sch\u00e4den wegen Datenl\u00f6schung oder Datenzerst\u00f6rung, gehaftet werden. Soweit durch Verlinkung auf andere Server Informationen zug\u00e4nglich gemacht werden, weist die ARGE Russland\/UdSSR darauf hin, da\u00df eine Inhaltskontrolle nicht stattfindet. Keinesfalls wird f\u00fcr fremde Informationen, zu denen die ARGE Russland\/UdSSR lediglich den Zugang vermittelt, gehaftet (\u00a7 9 Abs. 1 TDG).<br \/>\nAuch eine automatische kurzzeitige Zwischenspeicherung fremder Informationen auf dem Server der ARGE Russland\/UdSSR gilt gem\u00e4\u00df \u00a7 11 Abs. 2 TDG als Zugangsvermittlung. F\u00fcr fremde Informationen, die die ARGE Russland\/UdSSR dauerhaft f\u00fcr einen Nutzer speichert, kann die ARGE Russland\/UdSSR nur dann verantwortlich gemacht werden, wenn die ARGE Russland\/UdSSR von der rechtswidrigen Handlung oder der Information Kenntnis hat und die ARGE Russland\/UdSSR nicht unverz\u00fcglich t\u00e4tig geworden ist, um die Information zu entfernen oder den Zugang zu ihr zu sperren (\u00a7 11 TDG). Eine Verpflichtung, solche fremden Informationen auf deren eventuelle Rechtswidrigkeit hin regelm\u00e4\u00dfig zu kontrollieren, besteht seitens des ARGE Russland\/UdSSR nicht (\u00a7 8 Abs. 2 TDG).<\/p>\n","protected":false},"excerpt":{"rendered":"<p>Bundesarbeitsgemeinschaft Russland\/UdSSR im BDPh e.V. E-Mail: info@arge-russland.de Internet: www.arge-russland.de Vertretungsberechtiger Vorstand J\u00f6rg Bochmann, Pappelweg 13, D-71546 Aspach, Telefon: +49 7191 733872 E-Mail: joerg.bochmann@t-online.de Registergericht: Amtsgericht Wittlich Registernummer: VR 10346 Inhaltlich Verantwortlicher gem\u00e4\u00df \u00a7 6 MDStV: J\u00f6rg Bochmann Betreuung Webseite Stefan Berger, Neunkirchner Str. 3, D-07749 Jena Telefon: +49 160 97435693 E-Mail: s.c.berger@gmail.com Copyright und Haftung &hellip; <a href=\"https:\/\/arge-russland.de\/?page_id=14\" class=\"more-link\"><span class=\"screen-reader-text\">Impressum<\/span> weiterlesen<\/a><\/p>\n","protected":false},"author":1,"featured_media":0,"parent":0,"menu_order":0,"comment_status":"closed","ping_status":"closed","template":"","meta":{"footnotes":""},"class_list":["post-14","page","type-page","status-publish","hentry"],"_links":{"self":[{"href":"https:\/\/arge-russland.de\/index.php?rest_route=\/wp\/v2\/pages\/14","targetHints":{"allow":["GET"]}}],"collection":[{"href":"https:\/\/arge-russland.de\/index.php?rest_route=\/wp\/v2\/pages"}],"about":[{"href":"https:\/\/arge-russland.de\/index.php?rest_route=\/wp\/v2\/types\/page"}],"author":[{"embeddable":true,"href":"https:\/\/arge-russland.de\/index.php?rest_route=\/wp\/v2\/users\/1"}],"replies":[{"embeddable":true,"href":"https:\/\/arge-russland.de\/index.php?rest_route=%2Fwp%2Fv2%2Fcomments&post=14"}],"version-history":[{"count":2,"href":"https:\/\/arge-russland.de\/index.php?rest_route=\/wp\/v2\/pages\/14\/revisions"}],"predecessor-version":[{"id":19,"href":"https:\/\/arge-russland.de\/index.php?rest_route=\/wp\/v2\/pages\/14\/revisions\/19"}],"wp:attachment":[{"href":"https:\/\/arge-russland.de\/index.php?rest_route=%2Fwp%2Fv2%2Fmedia&parent=14"}],"curies":[{"name":"wp","href":"https:\/\/api.w.org\/{rel}","templated":true}]}}